{"id":34,"date":"2025-05-24T06:43:03","date_gmt":"2025-05-24T06:43:03","guid":{"rendered":"https:\/\/www.happiyum.com\/?post_type=product&#038;p=34"},"modified":"2025-08-11T10:26:48","modified_gmt":"2025-08-11T10:26:48","slug":"frozen-potato-smilies-fries-manufacturer","status":"publish","type":"product","link":"https:\/\/www.happiyum.com\/de\/products\/frozen-potato-smilies-fries-manufacturer\/","title":{"rendered":"Kartoffel-Smilies"},"content":{"rendered":"","protected":false},"excerpt":{"rendered":"<p>Kartoffel-Smilies, auch bekannt als \u201eSmiles\u201c oder \u201eEmoji-Fritten\u201c, sind ein beliebtes Tiefk\u00fchlprodukt f\u00fcr Kinder. Sie haben eine lustige, lachende Gesichtsform und bestehen aus Kartoffelp\u00fcree. Au\u00dfen knusprig, innen weich \u2013 ein leckerer Snack oder Beilage, die Spa\u00df macht.<\/p>\n","protected":false},"featured_media":37,"template":"","meta":[],"class_list":["post-34","product","type-product","status-publish","has-post-thumbnail","hentry"],"translation":{"provider":"WPGlobus","version":"3.0.0","language":"de","enabled_languages":["en","ph","th","id","ms","ar","vi","ja","tw","ru","es","fr","de","it","tr","ko"],"languages":{"en":{"title":true,"content":false,"excerpt":true},"ph":{"title":true,"content":false,"excerpt":true},"th":{"title":true,"content":false,"excerpt":true},"id":{"title":true,"content":false,"excerpt":true},"ms":{"title":true,"content":false,"excerpt":true},"ar":{"title":true,"content":false,"excerpt":true},"vi":{"title":true,"content":false,"excerpt":true},"ja":{"title":true,"content":false,"excerpt":true},"tw":{"title":true,"content":false,"excerpt":true},"ru":{"title":true,"content":false,"excerpt":true},"es":{"title":true,"content":false,"excerpt":true},"fr":{"title":true,"content":false,"excerpt":true},"de":{"title":true,"content":false,"excerpt":true},"it":{"title":true,"content":false,"excerpt":true},"tr":{"title":true,"content":false,"excerpt":true},"ko":{"title":true,"content":false,"excerpt":true}}},"acf":[],"_links":{"self":[{"href":"https:\/\/www.happiyum.com\/de\/wp-json\/wp\/v2\/product\/34","targetHints":{"allow":["GET"]}}],"collection":[{"href":"https:\/\/www.happiyum.com\/de\/wp-json\/wp\/v2\/product"}],"about":[{"href":"https:\/\/www.happiyum.com\/de\/wp-json\/wp\/v2\/types\/product"}],"wp:featuredmedia":[{"embeddable":true,"href":"https:\/\/www.happiyum.com\/de\/wp-json\/wp\/v2\/media\/37"}],"wp:attachment":[{"href":"https:\/\/www.happiyum.com\/de\/wp-json\/wp\/v2\/media?parent=34"}],"curies":[{"name":"wp","href":"https:\/\/api.w.org\/{rel}","templated":true}]}}