{"id":404,"date":"2025-06-21T16:40:56","date_gmt":"2025-06-21T16:40:56","guid":{"rendered":"https:\/\/www.happiyum.com\/?post_type=product&#038;p=404"},"modified":"2025-08-11T10:28:06","modified_gmt":"2025-08-11T10:28:06","slug":"frozen-potato-wedges-manufacturer","status":"publish","type":"product","link":"https:\/\/www.happiyum.com\/es\/products\/frozen-potato-wedges-manufacturer\/","title":{"rendered":"Patatas gajo"},"content":{"rendered":"","protected":false},"excerpt":{"rendered":"<p>Los gajos de papa son un excelente aperitivo o snack, f\u00e1ciles de preparar. Crujientes, sabrosos y con un toque especiado. Un acompa\u00f1amiento cl\u00e1sico hecho con papas en forma de gajo y sazonadas. Generalmente se hornean, pero tambi\u00e9n pueden fre\u00edrse o cocinarse en freidora de aire.<\/p>\n","protected":false},"featured_media":37,"template":"","meta":[],"class_list":["post-404","product","type-product","status-publish","has-post-thumbnail","hentry"],"translation":{"provider":"WPGlobus","version":"3.0.0","language":"es","enabled_languages":["en","ph","th","id","ms","ar","vi","ja","tw","ru","es","fr","de","it","tr","ko"],"languages":{"en":{"title":true,"content":false,"excerpt":true},"ph":{"title":true,"content":false,"excerpt":true},"th":{"title":true,"content":false,"excerpt":true},"id":{"title":true,"content":false,"excerpt":true},"ms":{"title":true,"content":false,"excerpt":true},"ar":{"title":true,"content":false,"excerpt":true},"vi":{"title":true,"content":false,"excerpt":true},"ja":{"title":true,"content":false,"excerpt":true},"tw":{"title":true,"content":false,"excerpt":true},"ru":{"title":true,"content":false,"excerpt":true},"es":{"title":true,"content":false,"excerpt":true},"fr":{"title":true,"content":false,"excerpt":true},"de":{"title":true,"content":false,"excerpt":true},"it":{"title":true,"content":false,"excerpt":true},"tr":{"title":true,"content":false,"excerpt":true},"ko":{"title":true,"content":false,"excerpt":true}}},"acf":[],"_links":{"self":[{"href":"https:\/\/www.happiyum.com\/es\/wp-json\/wp\/v2\/product\/404","targetHints":{"allow":["GET"]}}],"collection":[{"href":"https:\/\/www.happiyum.com\/es\/wp-json\/wp\/v2\/product"}],"about":[{"href":"https:\/\/www.happiyum.com\/es\/wp-json\/wp\/v2\/types\/product"}],"wp:featuredmedia":[{"embeddable":true,"href":"https:\/\/www.happiyum.com\/es\/wp-json\/wp\/v2\/media\/37"}],"wp:attachment":[{"href":"https:\/\/www.happiyum.com\/es\/wp-json\/wp\/v2\/media?parent=404"}],"curies":[{"name":"wp","href":"https:\/\/api.w.org\/{rel}","templated":true}]}}