{"id":772,"date":"2025-07-17T10:50:47","date_gmt":"2025-07-17T10:50:47","guid":{"rendered":"https:\/\/www.happiyum.com\/?page_id=772"},"modified":"2025-08-11T10:20:20","modified_gmt":"2025-08-11T10:20:20","slug":"frozen-french-fries-manufacturer","status":"publish","type":"page","link":"https:\/\/www.happiyum.com\/fr\/frozen-french-fries-manufacturer\/","title":{"rendered":"Frites Fran\u00e7aises"},"content":{"rendered":"<p>Savourez une perfection croustillante minute par minute ! La fra\u00eecheur et la saveur naturelle sont pr\u00e9serv\u00e9es gr\u00e2ce \u00e0 notre proc\u00e9d\u00e9 unique. Faites-les simplement cuire au four ou \u00e0 l\u2019air fryer pour un plaisir sans culpabilit\u00e9. Profitez d\u2019un go\u00fbt optimal et d\u2019un maximum de praticit\u00e9 \u00e0 chaque bouch\u00e9e. Sublimez vos repas avec les Frites Surgel\u00e9es HAPPIYUM !<\/p>\n","protected":false},"excerpt":{"rendered":"<p>Savourez une perfection croustillante minute par minute ! La fra\u00eecheur et la saveur naturelle sont pr\u00e9serv\u00e9es gr\u00e2ce \u00e0 notre proc\u00e9d\u00e9 unique. Faites-les simplement cuire au four ou \u00e0 l\u2019air fryer pour un plaisir sans culpabilit\u00e9. Profitez d\u2019un go\u00fbt optimal et d\u2019un maximum de praticit\u00e9 \u00e0 chaque bouch\u00e9e. Sublimez vos repas avec les Frites Surgel\u00e9es HAPPIYUM [&hellip;]<\/p>\n","protected":false},"author":1,"featured_media":658,"parent":0,"menu_order":0,"comment_status":"closed","ping_status":"closed","template":"","meta":{"footnotes":""},"class_list":["post-772","page","type-page","status-publish","has-post-thumbnail","hentry"],"translation":{"provider":"WPGlobus","version":"3.0.0","language":"fr","enabled_languages":["en","ph","th","id","ms","ar","vi","ja","tw","ru","es","fr","de","it","tr","ko"],"languages":{"en":{"title":true,"content":true,"excerpt":false},"ph":{"title":true,"content":true,"excerpt":false},"th":{"title":true,"content":true,"excerpt":false},"id":{"title":true,"content":true,"excerpt":false},"ms":{"title":true,"content":true,"excerpt":false},"ar":{"title":true,"content":true,"excerpt":false},"vi":{"title":true,"content":true,"excerpt":false},"ja":{"title":true,"content":true,"excerpt":false},"tw":{"title":true,"content":true,"excerpt":false},"ru":{"title":true,"content":true,"excerpt":false},"es":{"title":true,"content":true,"excerpt":false},"fr":{"title":true,"content":true,"excerpt":false},"de":{"title":true,"content":true,"excerpt":false},"it":{"title":true,"content":true,"excerpt":false},"tr":{"title":true,"content":true,"excerpt":false},"ko":{"title":true,"content":true,"excerpt":false}}},"acf":[],"_links":{"self":[{"href":"https:\/\/www.happiyum.com\/fr\/wp-json\/wp\/v2\/pages\/772","targetHints":{"allow":["GET"]}}],"collection":[{"href":"https:\/\/www.happiyum.com\/fr\/wp-json\/wp\/v2\/pages"}],"about":[{"href":"https:\/\/www.happiyum.com\/fr\/wp-json\/wp\/v2\/types\/page"}],"author":[{"embeddable":true,"href":"https:\/\/www.happiyum.com\/fr\/wp-json\/wp\/v2\/users\/1"}],"replies":[{"embeddable":true,"href":"https:\/\/www.happiyum.com\/fr\/wp-json\/wp\/v2\/comments?post=772"}],"version-history":[{"count":28,"href":"https:\/\/www.happiyum.com\/fr\/wp-json\/wp\/v2\/pages\/772\/revisions"}],"predecessor-version":[{"id":1093,"href":"https:\/\/www.happiyum.com\/fr\/wp-json\/wp\/v2\/pages\/772\/revisions\/1093"}],"wp:featuredmedia":[{"embeddable":true,"href":"https:\/\/www.happiyum.com\/fr\/wp-json\/wp\/v2\/media\/658"}],"wp:attachment":[{"href":"https:\/\/www.happiyum.com\/fr\/wp-json\/wp\/v2\/media?parent=772"}],"curies":[{"name":"wp","href":"https:\/\/api.w.org\/{rel}","templated":true}]}}