{"id":371,"date":"2025-06-01T10:07:19","date_gmt":"2025-06-01T10:07:19","guid":{"rendered":"https:\/\/www.happiyum.com\/?post_type=product&#038;p=371"},"modified":"2025-08-12T10:38:06","modified_gmt":"2025-08-12T10:38:06","slug":"frozen-hash-brown-manufacturer","status":"publish","type":"product","link":"https:\/\/www.happiyum.com\/fr\/products\/frozen-hash-brown-manufacturer\/","title":{"rendered":"Galette de Pommes de Terre"},"content":{"rendered":"","protected":false},"excerpt":{"rendered":"<p>Les hash browns sont un plat de petit d\u00e9jeuner populaire aux \u00c9tats-Unis, g\u00e9n\u00e9ralement \u00e0 base de pommes de terre r\u00e2p\u00e9es ou coup\u00e9es en d\u00e9s, frites ou cuites au four jusqu\u2019\u00e0 ce qu\u2019elles soient dor\u00e9es. On peut \u00e9galement les former en petits galets \u00e0 cuire \u00e0 la po\u00eale ou au grill.<\/p>\n","protected":false},"featured_media":37,"template":"","meta":[],"class_list":["post-371","product","type-product","status-publish","has-post-thumbnail","hentry"],"translation":{"provider":"WPGlobus","version":"3.0.0","language":"fr","enabled_languages":["en","ph","th","id","ms","ar","vi","ja","tw","ru","es","fr","de","it","tr","ko"],"languages":{"en":{"title":true,"content":false,"excerpt":true},"ph":{"title":true,"content":false,"excerpt":true},"th":{"title":true,"content":false,"excerpt":true},"id":{"title":true,"content":false,"excerpt":true},"ms":{"title":true,"content":false,"excerpt":true},"ar":{"title":true,"content":false,"excerpt":true},"vi":{"title":true,"content":false,"excerpt":true},"ja":{"title":true,"content":false,"excerpt":true},"tw":{"title":true,"content":false,"excerpt":true},"ru":{"title":true,"content":false,"excerpt":true},"es":{"title":true,"content":false,"excerpt":true},"fr":{"title":true,"content":false,"excerpt":true},"de":{"title":true,"content":false,"excerpt":true},"it":{"title":true,"content":false,"excerpt":true},"tr":{"title":true,"content":false,"excerpt":true},"ko":{"title":true,"content":false,"excerpt":true}}},"acf":[],"_links":{"self":[{"href":"https:\/\/www.happiyum.com\/fr\/wp-json\/wp\/v2\/product\/371","targetHints":{"allow":["GET"]}}],"collection":[{"href":"https:\/\/www.happiyum.com\/fr\/wp-json\/wp\/v2\/product"}],"about":[{"href":"https:\/\/www.happiyum.com\/fr\/wp-json\/wp\/v2\/types\/product"}],"wp:featuredmedia":[{"embeddable":true,"href":"https:\/\/www.happiyum.com\/fr\/wp-json\/wp\/v2\/media\/37"}],"wp:attachment":[{"href":"https:\/\/www.happiyum.com\/fr\/wp-json\/wp\/v2\/media?parent=371"}],"curies":[{"name":"wp","href":"https:\/\/api.w.org\/{rel}","templated":true}]}}