{"id":391,"date":"2025-06-18T19:05:37","date_gmt":"2025-06-18T19:05:37","guid":{"rendered":"https:\/\/www.happiyum.com\/?post_type=product&#038;p=391"},"modified":"2025-08-12T10:41:36","modified_gmt":"2025-08-12T10:41:36","slug":"coated-french-fries-manufacturer","status":"publish","type":"product","link":"https:\/\/www.happiyum.com\/fr\/products\/coated-french-fries-manufacturer\/","title":{"rendered":"Frites Enrob\u00e9es"},"content":{"rendered":"","protected":false},"excerpt":{"rendered":"<p>Elles sont recouvertes d\u2019une p\u00e2te unique qui les maintient croustillantes longtemps apr\u00e8s leur service. Id\u00e9ales pour les cuisines cloud et les entreprises ax\u00e9es sur la livraison, car leur croquant reste intact \u00e0 chaque bouch\u00e9e.<\/p>\n","protected":false},"featured_media":37,"template":"","meta":[],"class_list":["post-391","product","type-product","status-publish","has-post-thumbnail","hentry"],"translation":{"provider":"WPGlobus","version":"3.0.0","language":"fr","enabled_languages":["en","ph","th","id","ms","ar","vi","ja","tw","ru","es","fr","de","it","tr","ko"],"languages":{"en":{"title":true,"content":false,"excerpt":true},"ph":{"title":true,"content":false,"excerpt":true},"th":{"title":true,"content":false,"excerpt":true},"id":{"title":true,"content":false,"excerpt":true},"ms":{"title":true,"content":false,"excerpt":true},"ar":{"title":true,"content":false,"excerpt":true},"vi":{"title":true,"content":false,"excerpt":true},"ja":{"title":true,"content":false,"excerpt":true},"tw":{"title":true,"content":false,"excerpt":true},"ru":{"title":true,"content":false,"excerpt":true},"es":{"title":true,"content":false,"excerpt":true},"fr":{"title":true,"content":false,"excerpt":true},"de":{"title":true,"content":false,"excerpt":true},"it":{"title":true,"content":false,"excerpt":true},"tr":{"title":true,"content":false,"excerpt":true},"ko":{"title":true,"content":false,"excerpt":true}}},"acf":[],"_links":{"self":[{"href":"https:\/\/www.happiyum.com\/fr\/wp-json\/wp\/v2\/product\/391","targetHints":{"allow":["GET"]}}],"collection":[{"href":"https:\/\/www.happiyum.com\/fr\/wp-json\/wp\/v2\/product"}],"about":[{"href":"https:\/\/www.happiyum.com\/fr\/wp-json\/wp\/v2\/types\/product"}],"wp:featuredmedia":[{"embeddable":true,"href":"https:\/\/www.happiyum.com\/fr\/wp-json\/wp\/v2\/media\/37"}],"wp:attachment":[{"href":"https:\/\/www.happiyum.com\/fr\/wp-json\/wp\/v2\/media?parent=391"}],"curies":[{"name":"wp","href":"https:\/\/api.w.org\/{rel}","templated":true}]}}