{"id":404,"date":"2025-06-21T16:40:56","date_gmt":"2025-06-21T16:40:56","guid":{"rendered":"https:\/\/www.happiyum.com\/?post_type=product&#038;p=404"},"modified":"2025-08-11T10:28:06","modified_gmt":"2025-08-11T10:28:06","slug":"frozen-potato-wedges-manufacturer","status":"publish","type":"product","link":"https:\/\/www.happiyum.com\/fr\/products\/frozen-potato-wedges-manufacturer\/","title":{"rendered":"Quartiers de pommes de terre"},"content":{"rendered":"","protected":false},"excerpt":{"rendered":"<p>Les quartiers de pommes de terre sont un excellent ap\u00e9ritif ou en-cas, simples \u00e0 pr\u00e9parer. Ils sont d\u00e9licieux, croustillants, pleins de saveurs et l\u00e9g\u00e8rement \u00e9pic\u00e9s. Classiquement cuits au four, ils peuvent aussi \u00eatre frits ou cuits \u00e0 l\u2019air fryer.<\/p>\n","protected":false},"featured_media":37,"template":"","meta":[],"class_list":["post-404","product","type-product","status-publish","has-post-thumbnail","hentry"],"translation":{"provider":"WPGlobus","version":"3.0.0","language":"fr","enabled_languages":["en","ph","th","id","ms","ar","vi","ja","tw","ru","es","fr","de","it","tr","ko"],"languages":{"en":{"title":true,"content":false,"excerpt":true},"ph":{"title":true,"content":false,"excerpt":true},"th":{"title":true,"content":false,"excerpt":true},"id":{"title":true,"content":false,"excerpt":true},"ms":{"title":true,"content":false,"excerpt":true},"ar":{"title":true,"content":false,"excerpt":true},"vi":{"title":true,"content":false,"excerpt":true},"ja":{"title":true,"content":false,"excerpt":true},"tw":{"title":true,"content":false,"excerpt":true},"ru":{"title":true,"content":false,"excerpt":true},"es":{"title":true,"content":false,"excerpt":true},"fr":{"title":true,"content":false,"excerpt":true},"de":{"title":true,"content":false,"excerpt":true},"it":{"title":true,"content":false,"excerpt":true},"tr":{"title":true,"content":false,"excerpt":true},"ko":{"title":true,"content":false,"excerpt":true}}},"acf":[],"_links":{"self":[{"href":"https:\/\/www.happiyum.com\/fr\/wp-json\/wp\/v2\/product\/404","targetHints":{"allow":["GET"]}}],"collection":[{"href":"https:\/\/www.happiyum.com\/fr\/wp-json\/wp\/v2\/product"}],"about":[{"href":"https:\/\/www.happiyum.com\/fr\/wp-json\/wp\/v2\/types\/product"}],"wp:featuredmedia":[{"embeddable":true,"href":"https:\/\/www.happiyum.com\/fr\/wp-json\/wp\/v2\/media\/37"}],"wp:attachment":[{"href":"https:\/\/www.happiyum.com\/fr\/wp-json\/wp\/v2\/media?parent=404"}],"curies":[{"name":"wp","href":"https:\/\/api.w.org\/{rel}","templated":true}]}}