{"id":772,"date":"2025-07-17T10:50:47","date_gmt":"2025-07-17T10:50:47","guid":{"rendered":"https:\/\/www.happiyum.com\/?page_id=772"},"modified":"2025-08-11T10:20:20","modified_gmt":"2025-08-11T10:20:20","slug":"frozen-french-fries-manufacturer","status":"publish","type":"page","link":"https:\/\/www.happiyum.com\/tr\/frozen-french-fries-manufacturer\/","title":{"rendered":"Patates K\u0131zartmas\u0131"},"content":{"rendered":"<p>Dakikas\u0131 dakikas\u0131na \u00e7\u0131t\u0131r lezzetin keyfini \u00e7\u0131kar\u0131n! \u00d6zg\u00fcn \u00fcretim s\u00fcrecimiz sayesinde do\u011fall\u0131k ve tazelik korunur. Sadece f\u0131r\u0131nda ya da hava frit\u00f6z\u00fcnde pi\u015firin ve su\u00e7luluk duymadan t\u00fcketin. Her lokmada en iyi tat ve kolayl\u0131k! HAPPIYUM\u2019un dondurulmu\u015f patates k\u0131zartmalar\u0131yla \u00f6\u011f\u00fcnlerinizi bir \u00fcst seviyeye ta\u015f\u0131y\u0131n.<\/p>\n","protected":false},"excerpt":{"rendered":"<p>Dakikas\u0131 dakikas\u0131na \u00e7\u0131t\u0131r lezzetin keyfini \u00e7\u0131kar\u0131n! \u00d6zg\u00fcn \u00fcretim s\u00fcrecimiz sayesinde do\u011fall\u0131k ve tazelik korunur. Sadece f\u0131r\u0131nda ya da hava frit\u00f6z\u00fcnde pi\u015firin ve su\u00e7luluk duymadan t\u00fcketin. Her lokmada en iyi tat ve kolayl\u0131k! HAPPIYUM\u2019un dondurulmu\u015f patates k\u0131zartmalar\u0131yla \u00f6\u011f\u00fcnlerinizi bir \u00fcst seviyeye ta\u015f\u0131y\u0131n.<\/p>\n","protected":false},"author":1,"featured_media":658,"parent":0,"menu_order":0,"comment_status":"closed","ping_status":"closed","template":"","meta":{"footnotes":""},"class_list":["post-772","page","type-page","status-publish","has-post-thumbnail","hentry"],"translation":{"provider":"WPGlobus","version":"3.0.0","language":"tr","enabled_languages":["en","ph","th","id","ms","ar","vi","ja","tw","ru","es","fr","de","it","tr","ko"],"languages":{"en":{"title":true,"content":true,"excerpt":false},"ph":{"title":true,"content":true,"excerpt":false},"th":{"title":true,"content":true,"excerpt":false},"id":{"title":true,"content":true,"excerpt":false},"ms":{"title":true,"content":true,"excerpt":false},"ar":{"title":true,"content":true,"excerpt":false},"vi":{"title":true,"content":true,"excerpt":false},"ja":{"title":true,"content":true,"excerpt":false},"tw":{"title":true,"content":true,"excerpt":false},"ru":{"title":true,"content":true,"excerpt":false},"es":{"title":true,"content":true,"excerpt":false},"fr":{"title":true,"content":true,"excerpt":false},"de":{"title":true,"content":true,"excerpt":false},"it":{"title":true,"content":true,"excerpt":false},"tr":{"title":true,"content":true,"excerpt":false},"ko":{"title":true,"content":true,"excerpt":false}}},"acf":[],"_links":{"self":[{"href":"https:\/\/www.happiyum.com\/tr\/wp-json\/wp\/v2\/pages\/772","targetHints":{"allow":["GET"]}}],"collection":[{"href":"https:\/\/www.happiyum.com\/tr\/wp-json\/wp\/v2\/pages"}],"about":[{"href":"https:\/\/www.happiyum.com\/tr\/wp-json\/wp\/v2\/types\/page"}],"author":[{"embeddable":true,"href":"https:\/\/www.happiyum.com\/tr\/wp-json\/wp\/v2\/users\/1"}],"replies":[{"embeddable":true,"href":"https:\/\/www.happiyum.com\/tr\/wp-json\/wp\/v2\/comments?post=772"}],"version-history":[{"count":28,"href":"https:\/\/www.happiyum.com\/tr\/wp-json\/wp\/v2\/pages\/772\/revisions"}],"predecessor-version":[{"id":1093,"href":"https:\/\/www.happiyum.com\/tr\/wp-json\/wp\/v2\/pages\/772\/revisions\/1093"}],"wp:featuredmedia":[{"embeddable":true,"href":"https:\/\/www.happiyum.com\/tr\/wp-json\/wp\/v2\/media\/658"}],"wp:attachment":[{"href":"https:\/\/www.happiyum.com\/tr\/wp-json\/wp\/v2\/media?parent=772"}],"curies":[{"name":"wp","href":"https:\/\/api.w.org\/{rel}","templated":true}]}}