{"id":34,"date":"2025-05-24T06:43:03","date_gmt":"2025-05-24T06:43:03","guid":{"rendered":"https:\/\/www.happiyum.com\/?post_type=product&#038;p=34"},"modified":"2025-08-11T10:26:48","modified_gmt":"2025-08-11T10:26:48","slug":"frozen-potato-smilies-fries-manufacturer","status":"publish","type":"product","link":"https:\/\/www.happiyum.com\/tr\/products\/frozen-potato-smilies-fries-manufacturer\/","title":{"rendered":"Patates Suratlar"},"content":{"rendered":"","protected":false},"excerpt":{"rendered":"<p>Patates suratlar, genellikle \u201cSmiles\u201d ya da \u201cEmoji Patates\u201d olarak da bilinen, \u00f6zellikle \u00e7ocuklar i\u00e7in tasarlanm\u0131\u015f dondurulmu\u015f e\u011flenceli bir at\u0131\u015ft\u0131rmal\u0131kt\u0131r. G\u00fcl\u00fcmseyen y\u00fcz \u015feklindeki bu patatesler d\u0131\u015f\u0131 \u00e7\u0131t\u0131r, i\u00e7i ise yumu\u015fac\u0131k olup hem e\u011flenceli hem de lezzetli<\/p>\n","protected":false},"featured_media":37,"template":"","meta":[],"class_list":["post-34","product","type-product","status-publish","has-post-thumbnail","hentry"],"translation":{"provider":"WPGlobus","version":"3.0.0","language":"tr","enabled_languages":["en","ph","th","id","ms","ar","vi","ja","tw","ru","es","fr","de","it","tr","ko"],"languages":{"en":{"title":true,"content":false,"excerpt":true},"ph":{"title":true,"content":false,"excerpt":true},"th":{"title":true,"content":false,"excerpt":true},"id":{"title":true,"content":false,"excerpt":true},"ms":{"title":true,"content":false,"excerpt":true},"ar":{"title":true,"content":false,"excerpt":true},"vi":{"title":true,"content":false,"excerpt":true},"ja":{"title":true,"content":false,"excerpt":true},"tw":{"title":true,"content":false,"excerpt":true},"ru":{"title":true,"content":false,"excerpt":true},"es":{"title":true,"content":false,"excerpt":true},"fr":{"title":true,"content":false,"excerpt":true},"de":{"title":true,"content":false,"excerpt":true},"it":{"title":true,"content":false,"excerpt":true},"tr":{"title":true,"content":false,"excerpt":true},"ko":{"title":true,"content":false,"excerpt":true}}},"acf":[],"_links":{"self":[{"href":"https:\/\/www.happiyum.com\/tr\/wp-json\/wp\/v2\/product\/34","targetHints":{"allow":["GET"]}}],"collection":[{"href":"https:\/\/www.happiyum.com\/tr\/wp-json\/wp\/v2\/product"}],"about":[{"href":"https:\/\/www.happiyum.com\/tr\/wp-json\/wp\/v2\/types\/product"}],"wp:featuredmedia":[{"embeddable":true,"href":"https:\/\/www.happiyum.com\/tr\/wp-json\/wp\/v2\/media\/37"}],"wp:attachment":[{"href":"https:\/\/www.happiyum.com\/tr\/wp-json\/wp\/v2\/media?parent=34"}],"curies":[{"name":"wp","href":"https:\/\/api.w.org\/{rel}","templated":true}]}}