{"id":370,"date":"2025-06-01T10:06:43","date_gmt":"2025-06-01T10:06:43","guid":{"rendered":"https:\/\/www.happiyum.com\/?post_type=product&#038;p=370"},"modified":"2025-08-11T10:27:42","modified_gmt":"2025-08-11T10:27:42","slug":"frozen-burger-patty-manufacturer","status":"publish","type":"product","link":"https:\/\/www.happiyum.com\/tr\/products\/frozen-burger-patty-manufacturer\/","title":{"rendered":"Burger K\u00f6ftesi"},"content":{"rendered":"","protected":false},"excerpt":{"rendered":"<p>Burger k\u00f6ftemiz, taze sebzeler ve ezilmi\u015f patatesin m\u00fckemmel kar\u0131\u015f\u0131m\u0131ndan olu\u015fur. Lezzetli baharatlarla harmanlanarak, her \u0131s\u0131r\u0131kta a\u011f\u0131zda da\u011f\u0131lan nefis bir tat sunar.<\/p>\n","protected":false},"featured_media":37,"template":"","meta":[],"class_list":["post-370","product","type-product","status-publish","has-post-thumbnail","hentry"],"translation":{"provider":"WPGlobus","version":"3.0.0","language":"tr","enabled_languages":["en","ph","th","id","ms","ar","vi","ja","tw","ru","es","fr","de","it","tr","ko"],"languages":{"en":{"title":true,"content":false,"excerpt":true},"ph":{"title":true,"content":false,"excerpt":true},"th":{"title":true,"content":false,"excerpt":true},"id":{"title":true,"content":false,"excerpt":true},"ms":{"title":true,"content":false,"excerpt":true},"ar":{"title":true,"content":false,"excerpt":true},"vi":{"title":true,"content":false,"excerpt":true},"ja":{"title":true,"content":false,"excerpt":true},"tw":{"title":true,"content":false,"excerpt":true},"ru":{"title":true,"content":false,"excerpt":true},"es":{"title":true,"content":false,"excerpt":true},"fr":{"title":true,"content":false,"excerpt":true},"de":{"title":true,"content":false,"excerpt":true},"it":{"title":true,"content":false,"excerpt":true},"tr":{"title":true,"content":false,"excerpt":true},"ko":{"title":true,"content":false,"excerpt":true}}},"acf":[],"_links":{"self":[{"href":"https:\/\/www.happiyum.com\/tr\/wp-json\/wp\/v2\/product\/370","targetHints":{"allow":["GET"]}}],"collection":[{"href":"https:\/\/www.happiyum.com\/tr\/wp-json\/wp\/v2\/product"}],"about":[{"href":"https:\/\/www.happiyum.com\/tr\/wp-json\/wp\/v2\/types\/product"}],"wp:featuredmedia":[{"embeddable":true,"href":"https:\/\/www.happiyum.com\/tr\/wp-json\/wp\/v2\/media\/37"}],"wp:attachment":[{"href":"https:\/\/www.happiyum.com\/tr\/wp-json\/wp\/v2\/media?parent=370"}],"curies":[{"name":"wp","href":"https:\/\/api.w.org\/{rel}","templated":true}]}}