{"id":371,"date":"2025-06-01T10:07:19","date_gmt":"2025-06-01T10:07:19","guid":{"rendered":"https:\/\/www.happiyum.com\/?post_type=product&#038;p=371"},"modified":"2025-08-12T10:38:06","modified_gmt":"2025-08-12T10:38:06","slug":"frozen-hash-brown-manufacturer","status":"publish","type":"product","link":"https:\/\/www.happiyum.com\/tr\/products\/frozen-hash-brown-manufacturer\/","title":{"rendered":"Ha\u015flanm\u0131\u015f Patates K\u00f6ftesi"},"content":{"rendered":"","protected":false},"excerpt":{"rendered":"<p>Hash brown, genellikle rendelenmi\u015f veya do\u011franm\u0131\u015f patateslerden yap\u0131lan, k\u0131zart\u0131larak ya da f\u0131r\u0131nlanarak alt\u0131n rengini alan pop\u00fcler bir Amerikan kahvalt\u0131 yeme\u011fidir. K\u00fc\u00e7\u00fck k\u00f6fteler h\u00e2linde \u015fekillendirilip tavada ya da \u0131zgarada da pi\u015firilebilir.<\/p>\n","protected":false},"featured_media":37,"template":"","meta":[],"class_list":["post-371","product","type-product","status-publish","has-post-thumbnail","hentry"],"translation":{"provider":"WPGlobus","version":"3.0.0","language":"tr","enabled_languages":["en","ph","th","id","ms","ar","vi","ja","tw","ru","es","fr","de","it","tr","ko"],"languages":{"en":{"title":true,"content":false,"excerpt":true},"ph":{"title":true,"content":false,"excerpt":true},"th":{"title":true,"content":false,"excerpt":true},"id":{"title":true,"content":false,"excerpt":true},"ms":{"title":true,"content":false,"excerpt":true},"ar":{"title":true,"content":false,"excerpt":true},"vi":{"title":true,"content":false,"excerpt":true},"ja":{"title":true,"content":false,"excerpt":true},"tw":{"title":true,"content":false,"excerpt":true},"ru":{"title":true,"content":false,"excerpt":true},"es":{"title":true,"content":false,"excerpt":true},"fr":{"title":true,"content":false,"excerpt":true},"de":{"title":true,"content":false,"excerpt":true},"it":{"title":true,"content":false,"excerpt":true},"tr":{"title":true,"content":false,"excerpt":true},"ko":{"title":true,"content":false,"excerpt":true}}},"acf":[],"_links":{"self":[{"href":"https:\/\/www.happiyum.com\/tr\/wp-json\/wp\/v2\/product\/371","targetHints":{"allow":["GET"]}}],"collection":[{"href":"https:\/\/www.happiyum.com\/tr\/wp-json\/wp\/v2\/product"}],"about":[{"href":"https:\/\/www.happiyum.com\/tr\/wp-json\/wp\/v2\/types\/product"}],"wp:featuredmedia":[{"embeddable":true,"href":"https:\/\/www.happiyum.com\/tr\/wp-json\/wp\/v2\/media\/37"}],"wp:attachment":[{"href":"https:\/\/www.happiyum.com\/tr\/wp-json\/wp\/v2\/media?parent=371"}],"curies":[{"name":"wp","href":"https:\/\/api.w.org\/{rel}","templated":true}]}}