{"id":372,"date":"2025-06-01T10:08:02","date_gmt":"2025-06-01T10:08:02","guid":{"rendered":"https:\/\/www.happiyum.com\/?post_type=product&#038;p=372"},"modified":"2025-08-12T10:44:39","modified_gmt":"2025-08-12T10:44:39","slug":"potato-flakes-manufacturer","status":"publish","type":"product","link":"https:\/\/www.happiyum.com\/tr\/products\/potato-flakes-manufacturer\/","title":{"rendered":"Patates Pulusu"},"content":{"rendered":"","protected":false},"excerpt":{"rendered":"<p>Patates pulusu, ha\u015flanm\u0131\u015f patatesin pratik bir alternatifi olarak kullan\u0131lan uzun \u00f6m\u00fcrl\u00fc bir \u00fcr\u00fcnd\u00fcr. Yeniden suland\u0131r\u0131ld\u0131\u011f\u0131nda, k\u0131vam\u0131 ve g\u00f6r\u00fcn\u00fcm\u00fc t\u0131pk\u0131 ezilmi\u015f ha\u015flanm\u0131\u015f patates gibidir. En \u00e7ok tercih edilen kurutulmu\u015f patates \u00fcr\u00fcnlerinden biridir.<\/p>\n","protected":false},"featured_media":37,"template":"","meta":[],"class_list":["post-372","product","type-product","status-publish","has-post-thumbnail","hentry"],"translation":{"provider":"WPGlobus","version":"3.0.0","language":"tr","enabled_languages":["en","ph","th","id","ms","ar","vi","ja","tw","ru","es","fr","de","it","tr","ko"],"languages":{"en":{"title":true,"content":false,"excerpt":true},"ph":{"title":true,"content":false,"excerpt":true},"th":{"title":true,"content":false,"excerpt":true},"id":{"title":true,"content":false,"excerpt":true},"ms":{"title":true,"content":false,"excerpt":true},"ar":{"title":true,"content":false,"excerpt":true},"vi":{"title":true,"content":false,"excerpt":true},"ja":{"title":true,"content":false,"excerpt":true},"tw":{"title":true,"content":false,"excerpt":true},"ru":{"title":true,"content":false,"excerpt":true},"es":{"title":true,"content":false,"excerpt":true},"fr":{"title":true,"content":false,"excerpt":true},"de":{"title":true,"content":false,"excerpt":true},"it":{"title":true,"content":false,"excerpt":true},"tr":{"title":true,"content":false,"excerpt":true},"ko":{"title":true,"content":false,"excerpt":true}}},"acf":[],"_links":{"self":[{"href":"https:\/\/www.happiyum.com\/tr\/wp-json\/wp\/v2\/product\/372","targetHints":{"allow":["GET"]}}],"collection":[{"href":"https:\/\/www.happiyum.com\/tr\/wp-json\/wp\/v2\/product"}],"about":[{"href":"https:\/\/www.happiyum.com\/tr\/wp-json\/wp\/v2\/types\/product"}],"wp:featuredmedia":[{"embeddable":true,"href":"https:\/\/www.happiyum.com\/tr\/wp-json\/wp\/v2\/media\/37"}],"wp:attachment":[{"href":"https:\/\/www.happiyum.com\/tr\/wp-json\/wp\/v2\/media?parent=372"}],"curies":[{"name":"wp","href":"https:\/\/api.w.org\/{rel}","templated":true}]}}