{"id":374,"date":"2025-06-01T10:09:24","date_gmt":"2025-06-01T10:09:24","guid":{"rendered":"https:\/\/www.happiyum.com\/?post_type=product&#038;p=374"},"modified":"2025-08-12T10:45:51","modified_gmt":"2025-08-12T10:45:51","slug":"potato-starch-manufacturer","status":"publish","type":"product","link":"https:\/\/www.happiyum.com\/tr\/products\/potato-starch-manufacturer\/","title":{"rendered":"Patates Ni\u015fastas\u0131"},"content":{"rendered":"","protected":false},"excerpt":{"rendered":"<p>Y\u00fczy\u0131llard\u0131r mutfa\u011f\u0131n temel ta\u015flar\u0131ndan biri olan patates, ekonomik ve \u00e7ok y\u00f6nl\u00fc bir g\u0131dad\u0131r. Patates ni\u015fastas\u0131; g\u0131da, ila\u00e7 ve kozmetik sekt\u00f6rlerinde yayg\u0131n olarak kullan\u0131l\u0131r. Ayr\u0131ca \u00e7e\u015fitli yemek tariflerine de eklenebilir.<\/p>\n","protected":false},"featured_media":37,"template":"","meta":[],"class_list":["post-374","product","type-product","status-publish","has-post-thumbnail","hentry"],"translation":{"provider":"WPGlobus","version":"3.0.0","language":"tr","enabled_languages":["en","ph","th","id","ms","ar","vi","ja","tw","ru","es","fr","de","it","tr","ko"],"languages":{"en":{"title":true,"content":false,"excerpt":true},"ph":{"title":true,"content":false,"excerpt":true},"th":{"title":true,"content":false,"excerpt":true},"id":{"title":true,"content":false,"excerpt":true},"ms":{"title":true,"content":false,"excerpt":true},"ar":{"title":true,"content":false,"excerpt":true},"vi":{"title":true,"content":false,"excerpt":true},"ja":{"title":true,"content":false,"excerpt":true},"tw":{"title":true,"content":false,"excerpt":true},"ru":{"title":true,"content":false,"excerpt":true},"es":{"title":true,"content":false,"excerpt":true},"fr":{"title":true,"content":false,"excerpt":true},"de":{"title":true,"content":false,"excerpt":true},"it":{"title":true,"content":false,"excerpt":true},"tr":{"title":true,"content":false,"excerpt":true},"ko":{"title":true,"content":false,"excerpt":true}}},"acf":[],"_links":{"self":[{"href":"https:\/\/www.happiyum.com\/tr\/wp-json\/wp\/v2\/product\/374","targetHints":{"allow":["GET"]}}],"collection":[{"href":"https:\/\/www.happiyum.com\/tr\/wp-json\/wp\/v2\/product"}],"about":[{"href":"https:\/\/www.happiyum.com\/tr\/wp-json\/wp\/v2\/types\/product"}],"wp:featuredmedia":[{"embeddable":true,"href":"https:\/\/www.happiyum.com\/tr\/wp-json\/wp\/v2\/media\/37"}],"wp:attachment":[{"href":"https:\/\/www.happiyum.com\/tr\/wp-json\/wp\/v2\/media?parent=374"}],"curies":[{"name":"wp","href":"https:\/\/api.w.org\/{rel}","templated":true}]}}