{"id":391,"date":"2025-06-18T19:05:37","date_gmt":"2025-06-18T19:05:37","guid":{"rendered":"https:\/\/www.happiyum.com\/?post_type=product&#038;p=391"},"modified":"2025-08-12T10:41:36","modified_gmt":"2025-08-12T10:41:36","slug":"coated-french-fries-manufacturer","status":"publish","type":"product","link":"https:\/\/www.happiyum.com\/tr\/products\/coated-french-fries-manufacturer\/","title":{"rendered":"Kaplamal\u0131 Patates K\u0131zartmas\u0131"},"content":{"rendered":"","protected":false},"excerpt":{"rendered":"<p>Bunlar, servis edildikten sonra bile uzun s\u00fcre \u00e7\u0131t\u0131r kalmas\u0131n\u0131 sa\u011flayan \u00f6zel bir kaplama ile kaplan\u0131r. Bulut mutfaklar\u0131 ve teslimat odakl\u0131 i\u015fletmeler i\u00e7in m\u00fckemmeldir, \u00e7\u00fcnk\u00fc her lokmada \u00e7\u0131t\u0131rl\u0131k korunur.<\/p>\n","protected":false},"featured_media":37,"template":"","meta":[],"class_list":["post-391","product","type-product","status-publish","has-post-thumbnail","hentry"],"translation":{"provider":"WPGlobus","version":"3.0.0","language":"tr","enabled_languages":["en","ph","th","id","ms","ar","vi","ja","tw","ru","es","fr","de","it","tr","ko"],"languages":{"en":{"title":true,"content":false,"excerpt":true},"ph":{"title":true,"content":false,"excerpt":true},"th":{"title":true,"content":false,"excerpt":true},"id":{"title":true,"content":false,"excerpt":true},"ms":{"title":true,"content":false,"excerpt":true},"ar":{"title":true,"content":false,"excerpt":true},"vi":{"title":true,"content":false,"excerpt":true},"ja":{"title":true,"content":false,"excerpt":true},"tw":{"title":true,"content":false,"excerpt":true},"ru":{"title":true,"content":false,"excerpt":true},"es":{"title":true,"content":false,"excerpt":true},"fr":{"title":true,"content":false,"excerpt":true},"de":{"title":true,"content":false,"excerpt":true},"it":{"title":true,"content":false,"excerpt":true},"tr":{"title":true,"content":false,"excerpt":true},"ko":{"title":true,"content":false,"excerpt":true}}},"acf":[],"_links":{"self":[{"href":"https:\/\/www.happiyum.com\/tr\/wp-json\/wp\/v2\/product\/391","targetHints":{"allow":["GET"]}}],"collection":[{"href":"https:\/\/www.happiyum.com\/tr\/wp-json\/wp\/v2\/product"}],"about":[{"href":"https:\/\/www.happiyum.com\/tr\/wp-json\/wp\/v2\/types\/product"}],"wp:featuredmedia":[{"embeddable":true,"href":"https:\/\/www.happiyum.com\/tr\/wp-json\/wp\/v2\/media\/37"}],"wp:attachment":[{"href":"https:\/\/www.happiyum.com\/tr\/wp-json\/wp\/v2\/media?parent=391"}],"curies":[{"name":"wp","href":"https:\/\/api.w.org\/{rel}","templated":true}]}}