{"id":404,"date":"2025-06-21T16:40:56","date_gmt":"2025-06-21T16:40:56","guid":{"rendered":"https:\/\/www.happiyum.com\/?post_type=product&#038;p=404"},"modified":"2025-08-11T10:28:06","modified_gmt":"2025-08-11T10:28:06","slug":"frozen-potato-wedges-manufacturer","status":"publish","type":"product","link":"https:\/\/www.happiyum.com\/tr\/products\/frozen-potato-wedges-manufacturer\/","title":{"rendered":"Patates dilimleri"},"content":{"rendered":"","protected":false},"excerpt":{"rendered":"<p>Patates dilimleri, harika bir at\u0131\u015ft\u0131rmal\u0131k ya da ba\u015flang\u0131\u00e7 olarak tercih edilir ve yap\u0131m\u0131 olduk\u00e7a kolayd\u0131r. Lezzetli, \u00e7\u0131t\u0131r, baharatl\u0131 ve i\u015ftah a\u00e7\u0131c\u0131d\u0131r. Baharatlanm\u0131\u015f patateslerin dilimlenmi\u015f h\u00e2liyle haz\u0131rlan\u0131r. Genellikle f\u0131r\u0131nlanarak yap\u0131l\u0131r ama k\u0131zart\u0131larak veya hava frit\u00f6z\u00fcnde de haz\u0131rlanabilir.<\/p>\n","protected":false},"featured_media":37,"template":"","meta":[],"class_list":["post-404","product","type-product","status-publish","has-post-thumbnail","hentry"],"translation":{"provider":"WPGlobus","version":"3.0.0","language":"tr","enabled_languages":["en","ph","th","id","ms","ar","vi","ja","tw","ru","es","fr","de","it","tr","ko"],"languages":{"en":{"title":true,"content":false,"excerpt":true},"ph":{"title":true,"content":false,"excerpt":true},"th":{"title":true,"content":false,"excerpt":true},"id":{"title":true,"content":false,"excerpt":true},"ms":{"title":true,"content":false,"excerpt":true},"ar":{"title":true,"content":false,"excerpt":true},"vi":{"title":true,"content":false,"excerpt":true},"ja":{"title":true,"content":false,"excerpt":true},"tw":{"title":true,"content":false,"excerpt":true},"ru":{"title":true,"content":false,"excerpt":true},"es":{"title":true,"content":false,"excerpt":true},"fr":{"title":true,"content":false,"excerpt":true},"de":{"title":true,"content":false,"excerpt":true},"it":{"title":true,"content":false,"excerpt":true},"tr":{"title":true,"content":false,"excerpt":true},"ko":{"title":true,"content":false,"excerpt":true}}},"acf":[],"_links":{"self":[{"href":"https:\/\/www.happiyum.com\/tr\/wp-json\/wp\/v2\/product\/404","targetHints":{"allow":["GET"]}}],"collection":[{"href":"https:\/\/www.happiyum.com\/tr\/wp-json\/wp\/v2\/product"}],"about":[{"href":"https:\/\/www.happiyum.com\/tr\/wp-json\/wp\/v2\/types\/product"}],"wp:featuredmedia":[{"embeddable":true,"href":"https:\/\/www.happiyum.com\/tr\/wp-json\/wp\/v2\/media\/37"}],"wp:attachment":[{"href":"https:\/\/www.happiyum.com\/tr\/wp-json\/wp\/v2\/media?parent=404"}],"curies":[{"name":"wp","href":"https:\/\/api.w.org\/{rel}","templated":true}]}}