{"id":782,"date":"2025-07-17T11:55:11","date_gmt":"2025-07-17T11:55:11","guid":{"rendered":"https:\/\/www.happiyum.com\/?post_type=product&#038;p=782"},"modified":"2025-08-12T10:31:49","modified_gmt":"2025-08-12T10:31:49","slug":"frozen-straight-cut-french-fries-manufacturer","status":"publish","type":"product","link":"https:\/\/www.happiyum.com\/tr\/products\/frozen-straight-cut-french-fries-manufacturer\/","title":{"rendered":"D\u00fcz Kesim Patates K\u0131zartmas\u0131"},"content":{"rendered":"","protected":false},"excerpt":{"rendered":"<p>Bunlar klasik, d\u00fczg\u00fcn ve \u00e7\u0131t\u0131r patates k\u0131zartmalar\u0131d\u0131r. Straight Cut Fries, restoranlar, kafeler ve h\u0131zl\u0131 servis restoranlar\u0131 i\u00e7in tasarlanm\u0131\u015ft\u0131r. H\u0131zl\u0131 ve e\u015fit \u015fekilde pi\u015fer, b\u00f6ylece her bir patates \u00e7\u0131t\u0131r ve ayn\u0131 lezzette olur.<\/p>\n","protected":false},"featured_media":0,"template":"","meta":[],"class_list":["post-782","product","type-product","status-publish","hentry"],"translation":{"provider":"WPGlobus","version":"3.0.0","language":"tr","enabled_languages":["en","ph","th","id","ms","ar","vi","ja","tw","ru","es","fr","de","it","tr","ko"],"languages":{"en":{"title":true,"content":false,"excerpt":true},"ph":{"title":true,"content":false,"excerpt":true},"th":{"title":true,"content":false,"excerpt":true},"id":{"title":true,"content":false,"excerpt":true},"ms":{"title":true,"content":false,"excerpt":true},"ar":{"title":true,"content":false,"excerpt":true},"vi":{"title":true,"content":false,"excerpt":true},"ja":{"title":true,"content":false,"excerpt":true},"tw":{"title":true,"content":false,"excerpt":true},"ru":{"title":true,"content":false,"excerpt":true},"es":{"title":true,"content":false,"excerpt":true},"fr":{"title":true,"content":false,"excerpt":true},"de":{"title":true,"content":false,"excerpt":true},"it":{"title":true,"content":false,"excerpt":true},"tr":{"title":true,"content":false,"excerpt":true},"ko":{"title":true,"content":false,"excerpt":true}}},"acf":[],"_links":{"self":[{"href":"https:\/\/www.happiyum.com\/tr\/wp-json\/wp\/v2\/product\/782","targetHints":{"allow":["GET"]}}],"collection":[{"href":"https:\/\/www.happiyum.com\/tr\/wp-json\/wp\/v2\/product"}],"about":[{"href":"https:\/\/www.happiyum.com\/tr\/wp-json\/wp\/v2\/types\/product"}],"wp:attachment":[{"href":"https:\/\/www.happiyum.com\/tr\/wp-json\/wp\/v2\/media?parent=782"}],"curies":[{"name":"wp","href":"https:\/\/api.w.org\/{rel}","templated":true}]}}