{"id":3,"date":"2025-05-22T17:52:28","date_gmt":"2025-05-22T17:52:28","guid":{"rendered":"https:\/\/www.happiyum.com\/?page_id=3"},"modified":"2026-04-21T12:33:49","modified_gmt":"2026-04-21T12:33:49","slug":"privacy-policy","status":"publish","type":"page","link":"https:\/\/www.happiyum.com\/vi\/privacy-policy\/","title":{"rendered":"Ch\u00ednh s\u00e1ch B\u1ea3o m\u1eadt"},"content":{"rendered":"<p>Happiyum cam k\u1ebft b\u1ea3o v\u1ec7 quy\u1ec1n ri\u00eang t\u01b0 c\u1ee7a t\u1ea5t c\u1ea3 kh\u00e1ch truy c\u1eadp website. Ch\u00fang t\u00f4i t\u00f4n tr\u1ecdng quy\u1ec1n ri\u00eang t\u01b0 c\u1ee7a b\u1ea1n v\u00e0 c\u00f3 tr\u00e1ch nhi\u1ec7m b\u1ea3o v\u1ec7 m\u1ecdi th\u00f4ng tin c\u00e1 nh\u00e2n m\u00e0 ch\u00fang t\u00f4i thu th\u1eadp. Ch\u00ednh s\u00e1ch n\u00e0y gi\u1ea3i th\u00edch c\u00e1ch ch\u00fang t\u00f4i thu th\u1eadp, x\u1eed l\u00fd, s\u1eed d\u1ee5ng v\u00e0 chia s\u1ebb th\u00f4ng tin khi b\u1ea1n truy c\u1eadp ho\u1eb7c s\u1eed d\u1ee5ng<a href=\"http:\/\/www.happiyum.com\"> www.happiyum.com<\/a>.<\/p>\n<h2>C\u00e1ch ch\u00fang t\u00f4i thu th\u1eadp th\u00f4ng tin<\/h2>\n<ul>\n<li>Ch\u00fang t\u00f4i thu th\u1eadp th\u00f4ng tin m\u1ed9t c\u00e1ch h\u1ee3p ph\u00e1p v\u00e0 minh b\u1ea1ch<\/li>\n<li>Thu th\u1eadp d\u1eef li\u1ec7u nh\u01b0 t\u00ean, email, s\u1ed1 \u0111i\u1ec7n tho\u1ea1i, th\u00f4ng tin c\u00f4ng ty khi b\u1ea1n li\u00ean h\u1ec7<\/li>\n<li>Kh\u00f4ng l\u01b0u tr\u1eef m\u1eadt kh\u1ea9u ho\u1eb7c m\u00e3 PIN<\/li>\n<li>Th\u00f4ng tin b\u1ea1n t\u1ef1 nguy\u1ec7n cung c\u1ea5p nh\u01b0 \u0111\u0103ng k\u00fd nh\u1eadn tin<\/li>\n<li>Thu th\u1eadp d\u1eef li\u1ec7u s\u1eed d\u1ee5ng website nh\u01b0 trang \u0111\u00e3 truy c\u1eadp v\u00e0 v\u1ecb tr\u00ed<\/li>\n<\/ul>\n<h2>T\u1ea1i sao ch\u00fang t\u00f4i thu th\u1eadp th\u00f4ng tin<\/h2>\n<p>Ch\u00fang t\u00f4i s\u1eed d\u1ee5ng th\u00f4ng tin \u0111\u1ec3:<\/p>\n<ul>\n<li>Cung c\u1ea5p d\u1ecbch v\u1ee5 b\u1ea1n y\u00eau c\u1ea7u<\/li>\n<li>C\u00e1 nh\u00e2n h\u00f3a tr\u1ea3i nghi\u1ec7m ng\u01b0\u1eddi d\u00f9ng<\/li>\n<li>Ph\u00e2n t\u00edch h\u00e0nh vi ng\u01b0\u1eddi d\u00f9ng<\/li>\n<li>\u0110\u1ea3m b\u1ea3o an to\u00e0n website<\/li>\n<li>Ng\u0103n ch\u1eb7n gian l\u1eadn<\/li>\n<li>Th\u1ef1c hi\u1ec7n c\u00e1c m\u1ee5c \u0111\u00edch h\u1ee3p ph\u00e1p<\/li>\n<\/ul>\n<h2>C\u00e1ch th\u00f4ng tin \u0111\u01b0\u1ee3c s\u1eed d\u1ee5ng<\/h2>\n<ul>\n<li>S\u1eed d\u1ee5ng theo quy \u0111\u1ecbnh ph\u00e1p lu\u1eadt<\/li>\n<li>B\u1ea3o v\u1ec7 kh\u1ecfi truy c\u1eadp tr\u00e1i ph\u00e9p<\/li>\n<li>L\u01b0u tr\u1eef trong th\u1eddi gian c\u1ea7n thi\u1ebft<\/li>\n<li>Ph\u1ea3n h\u1ed3i y\u00eau c\u1ea7u v\u00e0 c\u00e2u h\u1ecfi<\/li>\n<li>G\u1eedi th\u00f4ng b\u00e1o (khi c\u00f3 s\u1ef1 \u0111\u1ed3ng \u00fd)<\/li>\n<li>C\u1ea3i thi\u1ec7n hi\u1ec7u su\u1ea5t website<\/li>\n<li>Th\u00f4ng b\u00e1o thay \u0111\u1ed5i<\/li>\n<li>H\u1ed7 tr\u1ee3 kh\u1ea3o s\u00e1t v\u00e0 ch\u01b0\u01a1ng tr\u00ecnh khuy\u1ebfn m\u00e3i<\/li>\n<\/ul>\n<h2>C\u00e1c \u0111i\u1ec1u kho\u1ea3n trong ch\u00ednh s\u00e1ch<\/h2>\n<h3>B\u1ea3o m\u1eadt th\u00f4ng tin c\u00e1 nh\u00e2n<\/h3>\n<p>Ch\u00fang t\u00f4i kh\u00f4ng b\u00e1n ho\u1eb7c chia s\u1ebb th\u00f4ng tin c\u1ee7a b\u1ea1n<\/p>\n<h3>L\u01b0u tr\u1eef d\u1eef li\u1ec7u<\/h3>\n<p>\u00c1p d\u1ee5ng bi\u1ec7n ph\u00e1p b\u1ea3o m\u1eadt nh\u01b0ng internet kh\u00f4ng ho\u00e0n to\u00e0n an to\u00e0n<\/p>\n<h3>Ti\u1ebft l\u1ed9 th\u00f4ng tin<\/h3>\n<p>Th\u00f4ng tin c\u00f3 th\u1ec3 \u0111\u01b0\u1ee3c chia s\u1ebb khi:<\/p>\n<ul>\n<li>Theo y\u00eau c\u1ea7u ph\u00e1p lu\u1eadt<\/li>\n<li>Ng\u0103n ch\u1eb7n gian l\u1eadn<\/li>\n<li>Chuy\u1ec3n giao doanh nghi\u1ec7p<\/li>\n<\/ul>\n<p>Website c\u00f3 th\u1ec3 ch\u1ee9a li\u00ean k\u1ebft b\u00ean th\u1ee9 ba<\/p>\n<p>Ch\u00fang t\u00f4i s\u1eed d\u1ee5ng cookies<\/p>\n<p>Ch\u1ec9nh s\u1eeda d\u1eef li\u1ec7u c\u1ea7n y\u00eau c\u1ea7u b\u1eb1ng v\u0103n b\u1ea3n<\/p>\n<h3>Cookies<\/h3>\n<p>D\u00f9ng \u0111\u1ec3:<\/p>\n<ul>\n<li>C\u1ea3i thi\u1ec7n tr\u1ea3i nghi\u1ec7m<\/li>\n<li>Hi\u1ec3u h\u00e0nh vi ng\u01b0\u1eddi d\u00f9ng<\/li>\n<li>L\u01b0u t\u00f9y ch\u1ecdn<\/li>\n<\/ul>\n<p>C\u00f3 th\u1ec3 t\u1eaft trong tr\u00ecnh duy\u1ec7t<\/p>\n<h2>Thay \u0111\u1ed5i ch\u00ednh s\u00e1ch<\/h2>\n<p>Happiyum c\u00f3 th\u1ec3 c\u1eadp nh\u1eadt ch\u00ednh s\u00e1ch b\u1ea5t c\u1ee9 l\u00fac n\u00e0o<\/p>\n<p>Vi\u1ec7c s\u1eed d\u1ee5ng website \u0111\u1ed3ng ngh\u0129a v\u1edbi vi\u1ec7c b\u1ea1n \u0111\u1ed3ng \u00fd<\/p>\n","protected":false},"excerpt":{"rendered":"<p>Happiyum cam k\u1ebft b\u1ea3o v\u1ec7 quy\u1ec1n ri\u00eang t\u01b0 c\u1ee7a t\u1ea5t c\u1ea3 kh\u00e1ch truy c\u1eadp website. Ch\u00fang t\u00f4i t\u00f4n tr\u1ecdng quy\u1ec1n ri\u00eang t\u01b0 c\u1ee7a b\u1ea1n v\u00e0 c\u00f3 tr\u00e1ch nhi\u1ec7m b\u1ea3o v\u1ec7 m\u1ecdi th\u00f4ng tin c\u00e1 nh\u00e2n m\u00e0 ch\u00fang t\u00f4i thu th\u1eadp. Ch\u00ednh s\u00e1ch n\u00e0y gi\u1ea3i th\u00edch c\u00e1ch ch\u00fang t\u00f4i thu th\u1eadp, x\u1eed l\u00fd, s\u1eed d\u1ee5ng v\u00e0 [&hellip;]<\/p>\n","protected":false},"author":1,"featured_media":1837,"parent":0,"menu_order":0,"comment_status":"closed","ping_status":"open","template":"page-templates\/privacy-policy.php","meta":{"footnotes":""},"class_list":["post-3","page","type-page","status-publish","has-post-thumbnail","hentry"],"translation":{"provider":"WPGlobus","version":"3.0.0","language":"vi","enabled_languages":["en","ph","th","id","ms","ar","vi","ja","tw","ru","es","fr","de","it","tr","ko"],"languages":{"en":{"title":true,"content":true,"excerpt":false},"ph":{"title":true,"content":true,"excerpt":false},"th":{"title":true,"content":true,"excerpt":false},"id":{"title":true,"content":true,"excerpt":false},"ms":{"title":true,"content":true,"excerpt":false},"ar":{"title":true,"content":true,"excerpt":false},"vi":{"title":true,"content":true,"excerpt":false},"ja":{"title":true,"content":true,"excerpt":false},"tw":{"title":true,"content":true,"excerpt":false},"ru":{"title":true,"content":true,"excerpt":false},"es":{"title":true,"content":true,"excerpt":false},"fr":{"title":true,"content":true,"excerpt":false},"de":{"title":true,"content":true,"excerpt":false},"it":{"title":true,"content":true,"excerpt":false},"tr":{"title":true,"content":true,"excerpt":false},"ko":{"title":true,"content":true,"excerpt":false}}},"acf":[],"_links":{"self":[{"href":"https:\/\/www.happiyum.com\/vi\/wp-json\/wp\/v2\/pages\/3","targetHints":{"allow":["GET"]}}],"collection":[{"href":"https:\/\/www.happiyum.com\/vi\/wp-json\/wp\/v2\/pages"}],"about":[{"href":"https:\/\/www.happiyum.com\/vi\/wp-json\/wp\/v2\/types\/page"}],"author":[{"embeddable":true,"href":"https:\/\/www.happiyum.com\/vi\/wp-json\/wp\/v2\/users\/1"}],"replies":[{"embeddable":true,"href":"https:\/\/www.happiyum.com\/vi\/wp-json\/wp\/v2\/comments?post=3"}],"version-history":[{"count":8,"href":"https:\/\/www.happiyum.com\/vi\/wp-json\/wp\/v2\/pages\/3\/revisions"}],"predecessor-version":[{"id":1835,"href":"https:\/\/www.happiyum.com\/vi\/wp-json\/wp\/v2\/pages\/3\/revisions\/1835"}],"wp:featuredmedia":[{"embeddable":true,"href":"https:\/\/www.happiyum.com\/vi\/wp-json\/wp\/v2\/media\/1837"}],"wp:attachment":[{"href":"https:\/\/www.happiyum.com\/vi\/wp-json\/wp\/v2\/media?parent=3"}],"curies":[{"name":"wp","href":"https:\/\/api.w.org\/{rel}","templated":true}]}}