{"id":772,"date":"2025-07-17T10:50:47","date_gmt":"2025-07-17T10:50:47","guid":{"rendered":"https:\/\/www.happiyum.com\/?page_id=772"},"modified":"2025-08-11T10:20:20","modified_gmt":"2025-08-11T10:20:20","slug":"frozen-french-fries-manufacturer","status":"publish","type":"page","link":"https:\/\/www.happiyum.com\/vi\/frozen-french-fries-manufacturer\/","title":{"rendered":"Khoai t\u00e2y chi\u00ean"},"content":{"rendered":"<p>Th\u01b0\u1edfng th\u1ee9c \u0111\u1ed9 gi\u00f2n ho\u00e0n h\u1ea3o t\u1eebng ph\u00fat t\u1eebng gi\u00e2y! Nh\u1edd quy tr\u00ecnh \u0111\u1ed9c \u0111\u00e1o c\u1ee7a ch\u00fang t\u00f4i, \u0111\u1ed9 t\u01b0\u01a1i ngon v\u00e0 h\u01b0\u01a1ng v\u1ecb t\u1ef1 nhi\u00ean c\u1ee7a khoai t\u00e2y \u0111\u01b0\u1ee3c gi\u1eef nguy\u00ean. Ch\u1ec9 c\u1ea7n n\u01b0\u1edbng ho\u1eb7c chi\u00ean b\u1eb1ng n\u1ed3i chi\u00ean kh\u00f4ng d\u1ea7u l\u00e0 b\u1ea1n \u0111\u00e3 c\u00f3 th\u1ec3 th\u01b0\u1edfng th\u1ee9c m\u1ed9t m\u00f3n \u0103n ngon l\u00e0nh m\u00e0 kh\u00f4ng c\u1ea3m th\u1ea5y t\u1ed9i l\u1ed7i. M\u1ed7i mi\u1ebfng \u0111\u1ec1u mang l\u1ea1i s\u1ef1 ti\u1ec7n l\u1ee3i v\u00e0 h\u01b0\u01a1ng v\u1ecb tuy\u1ec7t v\u1eddi. N\u00e2ng t\u1ea7m b\u1eefa \u0103n c\u1ee7a b\u1ea1n v\u1edbi khoai t\u00e2y chi\u00ean \u0111\u00f4ng l\u1ea1nh HAPPIYUM!<\/p>\n","protected":false},"excerpt":{"rendered":"<p>Th\u01b0\u1edfng th\u1ee9c \u0111\u1ed9 gi\u00f2n ho\u00e0n h\u1ea3o t\u1eebng ph\u00fat t\u1eebng gi\u00e2y! Nh\u1edd quy tr\u00ecnh \u0111\u1ed9c \u0111\u00e1o c\u1ee7a ch\u00fang t\u00f4i, \u0111\u1ed9 t\u01b0\u01a1i ngon v\u00e0 h\u01b0\u01a1ng v\u1ecb t\u1ef1 nhi\u00ean c\u1ee7a khoai t\u00e2y \u0111\u01b0\u1ee3c gi\u1eef nguy\u00ean. Ch\u1ec9 c\u1ea7n n\u01b0\u1edbng ho\u1eb7c chi\u00ean b\u1eb1ng n\u1ed3i chi\u00ean kh\u00f4ng d\u1ea7u l\u00e0 b\u1ea1n \u0111\u00e3 c\u00f3 th\u1ec3 th\u01b0\u1edfng th\u1ee9c m\u1ed9t m\u00f3n \u0103n ngon l\u00e0nh m\u00e0 [&hellip;]<\/p>\n","protected":false},"author":1,"featured_media":658,"parent":0,"menu_order":0,"comment_status":"closed","ping_status":"closed","template":"","meta":{"footnotes":""},"class_list":["post-772","page","type-page","status-publish","has-post-thumbnail","hentry"],"translation":{"provider":"WPGlobus","version":"3.0.0","language":"vi","enabled_languages":["en","ph","th","id","ms","ar","vi","ja","tw","ru","es","fr","de","it","tr","ko"],"languages":{"en":{"title":true,"content":true,"excerpt":false},"ph":{"title":true,"content":true,"excerpt":false},"th":{"title":true,"content":true,"excerpt":false},"id":{"title":true,"content":true,"excerpt":false},"ms":{"title":true,"content":true,"excerpt":false},"ar":{"title":true,"content":true,"excerpt":false},"vi":{"title":true,"content":true,"excerpt":false},"ja":{"title":true,"content":true,"excerpt":false},"tw":{"title":true,"content":true,"excerpt":false},"ru":{"title":true,"content":true,"excerpt":false},"es":{"title":true,"content":true,"excerpt":false},"fr":{"title":true,"content":true,"excerpt":false},"de":{"title":true,"content":true,"excerpt":false},"it":{"title":true,"content":true,"excerpt":false},"tr":{"title":true,"content":true,"excerpt":false},"ko":{"title":true,"content":true,"excerpt":false}}},"acf":[],"_links":{"self":[{"href":"https:\/\/www.happiyum.com\/vi\/wp-json\/wp\/v2\/pages\/772","targetHints":{"allow":["GET"]}}],"collection":[{"href":"https:\/\/www.happiyum.com\/vi\/wp-json\/wp\/v2\/pages"}],"about":[{"href":"https:\/\/www.happiyum.com\/vi\/wp-json\/wp\/v2\/types\/page"}],"author":[{"embeddable":true,"href":"https:\/\/www.happiyum.com\/vi\/wp-json\/wp\/v2\/users\/1"}],"replies":[{"embeddable":true,"href":"https:\/\/www.happiyum.com\/vi\/wp-json\/wp\/v2\/comments?post=772"}],"version-history":[{"count":28,"href":"https:\/\/www.happiyum.com\/vi\/wp-json\/wp\/v2\/pages\/772\/revisions"}],"predecessor-version":[{"id":1093,"href":"https:\/\/www.happiyum.com\/vi\/wp-json\/wp\/v2\/pages\/772\/revisions\/1093"}],"wp:featuredmedia":[{"embeddable":true,"href":"https:\/\/www.happiyum.com\/vi\/wp-json\/wp\/v2\/media\/658"}],"wp:attachment":[{"href":"https:\/\/www.happiyum.com\/vi\/wp-json\/wp\/v2\/media?parent=772"}],"curies":[{"name":"wp","href":"https:\/\/api.w.org\/{rel}","templated":true}]}}