{"id":272,"date":"2025-05-27T20:00:41","date_gmt":"2025-05-27T20:00:41","guid":{"rendered":"https:\/\/www.happiyum.com\/?post_type=product&#038;p=272"},"modified":"2025-08-12T10:36:35","modified_gmt":"2025-08-12T10:36:35","slug":"frozen-potato-nuggets-manufacturer","status":"publish","type":"product","link":"https:\/\/www.happiyum.com\/vi\/products\/frozen-potato-nuggets-manufacturer\/","title":{"rendered":"Khoai t\u00e2y vi\u00ean chi\u00ean"},"content":{"rendered":"","protected":false},"excerpt":{"rendered":"<p>Khoai t\u00e2y vi\u00ean l\u00e0 s\u1ef1 k\u1ebft h\u1ee3p tuy\u1ec7t v\u1eddi gi\u1eefa khoai t\u00e2y v\u00e0 gia v\u1ecb \u0111\u1eadm \u0111\u00e0. Nh\u1eefng vi\u00ean nugget rau c\u1ee7 n\u00e0y s\u1ebd khi\u1ebfn b\u1ea1n th\u01b0\u1edfng th\u1ee9c t\u1eebng mi\u1ebfng m\u1ed9t c\u00e1ch tr\u1ecdn v\u1eb9n!<\/p>\n","protected":false},"featured_media":600,"template":"","meta":[],"class_list":["post-272","product","type-product","status-publish","has-post-thumbnail","hentry"],"translation":{"provider":"WPGlobus","version":"3.0.0","language":"vi","enabled_languages":["en","ph","th","id","ms","ar","vi","ja","tw","ru","es","fr","de","it","tr","ko"],"languages":{"en":{"title":true,"content":false,"excerpt":true},"ph":{"title":true,"content":false,"excerpt":true},"th":{"title":true,"content":false,"excerpt":true},"id":{"title":true,"content":false,"excerpt":true},"ms":{"title":true,"content":false,"excerpt":true},"ar":{"title":true,"content":false,"excerpt":true},"vi":{"title":true,"content":false,"excerpt":true},"ja":{"title":true,"content":false,"excerpt":true},"tw":{"title":true,"content":false,"excerpt":true},"ru":{"title":true,"content":false,"excerpt":true},"es":{"title":true,"content":false,"excerpt":true},"fr":{"title":true,"content":false,"excerpt":true},"de":{"title":true,"content":false,"excerpt":true},"it":{"title":true,"content":false,"excerpt":true},"tr":{"title":true,"content":false,"excerpt":true},"ko":{"title":true,"content":false,"excerpt":true}}},"acf":[],"_links":{"self":[{"href":"https:\/\/www.happiyum.com\/vi\/wp-json\/wp\/v2\/product\/272","targetHints":{"allow":["GET"]}}],"collection":[{"href":"https:\/\/www.happiyum.com\/vi\/wp-json\/wp\/v2\/product"}],"about":[{"href":"https:\/\/www.happiyum.com\/vi\/wp-json\/wp\/v2\/types\/product"}],"wp:featuredmedia":[{"embeddable":true,"href":"https:\/\/www.happiyum.com\/vi\/wp-json\/wp\/v2\/media\/600"}],"wp:attachment":[{"href":"https:\/\/www.happiyum.com\/vi\/wp-json\/wp\/v2\/media?parent=272"}],"curies":[{"name":"wp","href":"https:\/\/api.w.org\/{rel}","templated":true}]}}