{"id":34,"date":"2025-05-24T06:43:03","date_gmt":"2025-05-24T06:43:03","guid":{"rendered":"https:\/\/www.happiyum.com\/?post_type=product&#038;p=34"},"modified":"2025-08-11T10:26:48","modified_gmt":"2025-08-11T10:26:48","slug":"frozen-potato-smilies-fries-manufacturer","status":"publish","type":"product","link":"https:\/\/www.happiyum.com\/vi\/products\/frozen-potato-smilies-fries-manufacturer\/","title":{"rendered":"Khoai t\u00e2y m\u1eb7t c\u01b0\u1eddi"},"content":{"rendered":"","protected":false},"excerpt":{"rendered":"<p>Khoai t\u00e2y m\u1eb7t c\u01b0\u1eddi, hay c\u00f2n g\u1ecdi l\u00e0 &#8220;Smiles&#8221; ho\u1eb7c &#8220;Khoai Emoji&#8221;, l\u00e0 m\u00f3n \u0103n \u0111\u00f4ng l\u1ea1nh \u0111\u01b0\u1ee3c tr\u1ebb em \u0111\u1eb7c bi\u1ec7t y\u00eau th\u00edch. \u0110\u01b0\u1ee3c t\u1ea1o h\u00ecnh khu\u00f4n m\u1eb7t vui nh\u1ed9n t\u1eeb khoai t\u00e2y nghi\u1ec1n, b\u00ean ngo\u00e0i gi\u00f2n r\u1ee5m, b\u00ean trong m\u1ec1m m\u1ecbn \u2014 m\u00f3n \u0103n nh\u1eb9 hay m\u00f3n ph\u1ee5 v\u1eeba ngon v\u1eeba vui.<\/p>\n","protected":false},"featured_media":37,"template":"","meta":[],"class_list":["post-34","product","type-product","status-publish","has-post-thumbnail","hentry"],"translation":{"provider":"WPGlobus","version":"3.0.0","language":"vi","enabled_languages":["en","ph","th","id","ms","ar","vi","ja","tw","ru","es","fr","de","it","tr","ko"],"languages":{"en":{"title":true,"content":false,"excerpt":true},"ph":{"title":true,"content":false,"excerpt":true},"th":{"title":true,"content":false,"excerpt":true},"id":{"title":true,"content":false,"excerpt":true},"ms":{"title":true,"content":false,"excerpt":true},"ar":{"title":true,"content":false,"excerpt":true},"vi":{"title":true,"content":false,"excerpt":true},"ja":{"title":true,"content":false,"excerpt":true},"tw":{"title":true,"content":false,"excerpt":true},"ru":{"title":true,"content":false,"excerpt":true},"es":{"title":true,"content":false,"excerpt":true},"fr":{"title":true,"content":false,"excerpt":true},"de":{"title":true,"content":false,"excerpt":true},"it":{"title":true,"content":false,"excerpt":true},"tr":{"title":true,"content":false,"excerpt":true},"ko":{"title":true,"content":false,"excerpt":true}}},"acf":[],"_links":{"self":[{"href":"https:\/\/www.happiyum.com\/vi\/wp-json\/wp\/v2\/product\/34","targetHints":{"allow":["GET"]}}],"collection":[{"href":"https:\/\/www.happiyum.com\/vi\/wp-json\/wp\/v2\/product"}],"about":[{"href":"https:\/\/www.happiyum.com\/vi\/wp-json\/wp\/v2\/types\/product"}],"wp:featuredmedia":[{"embeddable":true,"href":"https:\/\/www.happiyum.com\/vi\/wp-json\/wp\/v2\/media\/37"}],"wp:attachment":[{"href":"https:\/\/www.happiyum.com\/vi\/wp-json\/wp\/v2\/media?parent=34"}],"curies":[{"name":"wp","href":"https:\/\/api.w.org\/{rel}","templated":true}]}}