{"id":371,"date":"2025-06-01T10:07:19","date_gmt":"2025-06-01T10:07:19","guid":{"rendered":"https:\/\/www.happiyum.com\/?post_type=product&#038;p=371"},"modified":"2025-08-12T10:38:06","modified_gmt":"2025-08-12T10:38:06","slug":"frozen-hash-brown-manufacturer","status":"publish","type":"product","link":"https:\/\/www.happiyum.com\/vi\/products\/frozen-hash-brown-manufacturer\/","title":{"rendered":"Khoai t\u00e2y chi\u00ean ki\u1ec3u M\u1ef9"},"content":{"rendered":"","protected":false},"excerpt":{"rendered":"<p>Hash brown l\u00e0 m\u00f3n \u0103n s\u00e1ng ph\u1ed5 bi\u1ebfn c\u1ee7a M\u1ef9, \u0111\u01b0\u1ee3c l\u00e0m t\u1eeb khoai t\u00e2y b\u00e0o s\u1ee3i ho\u1eb7c c\u1eaft h\u1ea1t l\u1ef1u, sau \u0111\u00f3 chi\u00ean ho\u1eb7c n\u01b0\u1edbng \u0111\u1ebfn khi v\u00e0ng gi\u00f2n. C\u0169ng c\u00f3 th\u1ec3 t\u1ea1o th\u00e0nh t\u1eebng mi\u1ebfng nh\u1ecf v\u00e0 n\u01b0\u1edbng tr\u00ean ch\u1ea3o ho\u1eb7c v\u1ec9 n\u01b0\u1edbng.<\/p>\n","protected":false},"featured_media":37,"template":"","meta":[],"class_list":["post-371","product","type-product","status-publish","has-post-thumbnail","hentry"],"translation":{"provider":"WPGlobus","version":"3.0.0","language":"vi","enabled_languages":["en","ph","th","id","ms","ar","vi","ja","tw","ru","es","fr","de","it","tr","ko"],"languages":{"en":{"title":true,"content":false,"excerpt":true},"ph":{"title":true,"content":false,"excerpt":true},"th":{"title":true,"content":false,"excerpt":true},"id":{"title":true,"content":false,"excerpt":true},"ms":{"title":true,"content":false,"excerpt":true},"ar":{"title":true,"content":false,"excerpt":true},"vi":{"title":true,"content":false,"excerpt":true},"ja":{"title":true,"content":false,"excerpt":true},"tw":{"title":true,"content":false,"excerpt":true},"ru":{"title":true,"content":false,"excerpt":true},"es":{"title":true,"content":false,"excerpt":true},"fr":{"title":true,"content":false,"excerpt":true},"de":{"title":true,"content":false,"excerpt":true},"it":{"title":true,"content":false,"excerpt":true},"tr":{"title":true,"content":false,"excerpt":true},"ko":{"title":true,"content":false,"excerpt":true}}},"acf":[],"_links":{"self":[{"href":"https:\/\/www.happiyum.com\/vi\/wp-json\/wp\/v2\/product\/371","targetHints":{"allow":["GET"]}}],"collection":[{"href":"https:\/\/www.happiyum.com\/vi\/wp-json\/wp\/v2\/product"}],"about":[{"href":"https:\/\/www.happiyum.com\/vi\/wp-json\/wp\/v2\/types\/product"}],"wp:featuredmedia":[{"embeddable":true,"href":"https:\/\/www.happiyum.com\/vi\/wp-json\/wp\/v2\/media\/37"}],"wp:attachment":[{"href":"https:\/\/www.happiyum.com\/vi\/wp-json\/wp\/v2\/media?parent=371"}],"curies":[{"name":"wp","href":"https:\/\/api.w.org\/{rel}","templated":true}]}}