{"id":372,"date":"2025-06-01T10:08:02","date_gmt":"2025-06-01T10:08:02","guid":{"rendered":"https:\/\/www.happiyum.com\/?post_type=product&#038;p=372"},"modified":"2025-08-12T10:44:39","modified_gmt":"2025-08-12T10:44:39","slug":"potato-flakes-manufacturer","status":"publish","type":"product","link":"https:\/\/www.happiyum.com\/vi\/products\/potato-flakes-manufacturer\/","title":{"rendered":"Khoai t\u00e2y l\u00e1t kh\u00f4"},"content":{"rendered":"","protected":false},"excerpt":{"rendered":"<p>Khoai t\u00e2y l\u00e1t kh\u00f4 l\u00e0 d\u1ea1ng b\u1ea3o qu\u1ea3n ti\u1ec7n l\u1ee3i c\u1ee7a khoai t\u00e2y, c\u00f3 th\u1ec3 d\u00f9ng thay cho khoai lu\u1ed9c. Kh\u1ea3 n\u0103ng h\u00fat n\u01b0\u1edbc v\u00e0 ph\u1ee5c h\u1ed3i r\u1ea5t t\u1ed1t, khi pha v\u1edbi n\u01b0\u1edbc s\u1ebd c\u00f3 k\u1ebft c\u1ea5u nh\u01b0 khoai t\u00e2y nghi\u1ec1n t\u01b0\u01a1i. \u0110\u00e2y l\u00e0 m\u1ed9t trong nh\u1eefng s\u1ea3n ph\u1ea9m khoai t\u00e2y s\u1ea5y kh\u00f4 ph\u1ed5 bi\u1ebfn nh\u1ea5t.<\/p>\n","protected":false},"featured_media":37,"template":"","meta":[],"class_list":["post-372","product","type-product","status-publish","has-post-thumbnail","hentry"],"translation":{"provider":"WPGlobus","version":"3.0.0","language":"vi","enabled_languages":["en","ph","th","id","ms","ar","vi","ja","tw","ru","es","fr","de","it","tr","ko"],"languages":{"en":{"title":true,"content":false,"excerpt":true},"ph":{"title":true,"content":false,"excerpt":true},"th":{"title":true,"content":false,"excerpt":true},"id":{"title":true,"content":false,"excerpt":true},"ms":{"title":true,"content":false,"excerpt":true},"ar":{"title":true,"content":false,"excerpt":true},"vi":{"title":true,"content":false,"excerpt":true},"ja":{"title":true,"content":false,"excerpt":true},"tw":{"title":true,"content":false,"excerpt":true},"ru":{"title":true,"content":false,"excerpt":true},"es":{"title":true,"content":false,"excerpt":true},"fr":{"title":true,"content":false,"excerpt":true},"de":{"title":true,"content":false,"excerpt":true},"it":{"title":true,"content":false,"excerpt":true},"tr":{"title":true,"content":false,"excerpt":true},"ko":{"title":true,"content":false,"excerpt":true}}},"acf":[],"_links":{"self":[{"href":"https:\/\/www.happiyum.com\/vi\/wp-json\/wp\/v2\/product\/372","targetHints":{"allow":["GET"]}}],"collection":[{"href":"https:\/\/www.happiyum.com\/vi\/wp-json\/wp\/v2\/product"}],"about":[{"href":"https:\/\/www.happiyum.com\/vi\/wp-json\/wp\/v2\/types\/product"}],"wp:featuredmedia":[{"embeddable":true,"href":"https:\/\/www.happiyum.com\/vi\/wp-json\/wp\/v2\/media\/37"}],"wp:attachment":[{"href":"https:\/\/www.happiyum.com\/vi\/wp-json\/wp\/v2\/media?parent=372"}],"curies":[{"name":"wp","href":"https:\/\/api.w.org\/{rel}","templated":true}]}}