{"id":374,"date":"2025-06-01T10:09:24","date_gmt":"2025-06-01T10:09:24","guid":{"rendered":"https:\/\/www.happiyum.com\/?post_type=product&#038;p=374"},"modified":"2025-08-12T10:45:51","modified_gmt":"2025-08-12T10:45:51","slug":"potato-starch-manufacturer","status":"publish","type":"product","link":"https:\/\/www.happiyum.com\/vi\/products\/potato-starch-manufacturer\/","title":{"rendered":"Tinh B\u1ed9t Khoai T\u00e2y"},"content":{"rendered":"","protected":false},"excerpt":{"rendered":"<p>Khoai t\u00e2y t\u1eeb l\u00e2u \u0111\u00e3 l\u00e0 th\u1ef1c ph\u1ea9m thi\u1ebft y\u1ebfu v\u00e0 ti\u1ebft ki\u1ec7m trong kh\u1ea9u ph\u1ea7n \u0103n h\u00e0ng ng\u00e0y. Tinh b\u1ed9t khoai t\u00e2y l\u00fd t\u01b0\u1edfng \u0111\u1ec3 \u1ee9ng d\u1ee5ng trong ng\u00e0nh th\u1ef1c ph\u1ea9m, d\u01b0\u1ee3c ph\u1ea9m v\u00e0 m\u1ef9 ph\u1ea9m. C\u0169ng c\u00f3 th\u1ec3 th\u00eam v\u00e0o nhi\u1ec1u m\u00f3n \u0103n kh\u00e1c nhau.<\/p>\n","protected":false},"featured_media":37,"template":"","meta":[],"class_list":["post-374","product","type-product","status-publish","has-post-thumbnail","hentry"],"translation":{"provider":"WPGlobus","version":"3.0.0","language":"vi","enabled_languages":["en","ph","th","id","ms","ar","vi","ja","tw","ru","es","fr","de","it","tr","ko"],"languages":{"en":{"title":true,"content":false,"excerpt":true},"ph":{"title":true,"content":false,"excerpt":true},"th":{"title":true,"content":false,"excerpt":true},"id":{"title":true,"content":false,"excerpt":true},"ms":{"title":true,"content":false,"excerpt":true},"ar":{"title":true,"content":false,"excerpt":true},"vi":{"title":true,"content":false,"excerpt":true},"ja":{"title":true,"content":false,"excerpt":true},"tw":{"title":true,"content":false,"excerpt":true},"ru":{"title":true,"content":false,"excerpt":true},"es":{"title":true,"content":false,"excerpt":true},"fr":{"title":true,"content":false,"excerpt":true},"de":{"title":true,"content":false,"excerpt":true},"it":{"title":true,"content":false,"excerpt":true},"tr":{"title":true,"content":false,"excerpt":true},"ko":{"title":true,"content":false,"excerpt":true}}},"acf":[],"_links":{"self":[{"href":"https:\/\/www.happiyum.com\/vi\/wp-json\/wp\/v2\/product\/374","targetHints":{"allow":["GET"]}}],"collection":[{"href":"https:\/\/www.happiyum.com\/vi\/wp-json\/wp\/v2\/product"}],"about":[{"href":"https:\/\/www.happiyum.com\/vi\/wp-json\/wp\/v2\/types\/product"}],"wp:featuredmedia":[{"embeddable":true,"href":"https:\/\/www.happiyum.com\/vi\/wp-json\/wp\/v2\/media\/37"}],"wp:attachment":[{"href":"https:\/\/www.happiyum.com\/vi\/wp-json\/wp\/v2\/media?parent=374"}],"curies":[{"name":"wp","href":"https:\/\/api.w.org\/{rel}","templated":true}]}}