{"id":390,"date":"2025-06-18T19:04:53","date_gmt":"2025-06-18T19:04:53","guid":{"rendered":"https:\/\/www.happiyum.com\/?post_type=product&#038;p=390"},"modified":"2025-08-12T10:39:28","modified_gmt":"2025-08-12T10:39:28","slug":"frozen-crinkle-cut-french-fries-manufacturer","status":"publish","type":"product","link":"https:\/\/www.happiyum.com\/vi\/products\/frozen-crinkle-cut-french-fries-manufacturer\/","title":{"rendered":"C\u1eaft nh\u0103n"},"content":{"rendered":"","protected":false},"excerpt":{"rendered":"<p>H\u00ecnh d\u1ea1ng l\u01b0\u1ee3n s\u00f3ng c\u00f9ng \u0111\u1ed9 gi\u00f2n \u0111\u1eb7c tr\u01b0ng khi\u1ebfn Crinkle Cut Fries tr\u1edf n\u00ean h\u1ea5p d\u1eabn v\u00e0 ngon mi\u1ec7ng. L\u00fd t\u01b0\u1edfng cho c\u00e1c nh\u00e0 h\u00e0ng mu\u1ed1n l\u00e0m m\u1edbi th\u1ef1c \u0111\u01a1n v\u00e0 t\u1ea1o \u0111i\u1ec3m nh\u1ea5n kh\u00e1c bi\u1ec7t.<\/p>\n","protected":false},"featured_media":684,"template":"","meta":[],"class_list":["post-390","product","type-product","status-publish","has-post-thumbnail","hentry"],"translation":{"provider":"WPGlobus","version":"3.0.0","language":"vi","enabled_languages":["en","ph","th","id","ms","ar","vi","ja","tw","ru","es","fr","de","it","tr","ko"],"languages":{"en":{"title":true,"content":false,"excerpt":true},"ph":{"title":true,"content":false,"excerpt":true},"th":{"title":true,"content":false,"excerpt":true},"id":{"title":true,"content":false,"excerpt":true},"ms":{"title":true,"content":false,"excerpt":true},"ar":{"title":true,"content":false,"excerpt":true},"vi":{"title":true,"content":false,"excerpt":true},"ja":{"title":true,"content":false,"excerpt":true},"tw":{"title":true,"content":false,"excerpt":true},"ru":{"title":true,"content":false,"excerpt":true},"es":{"title":true,"content":false,"excerpt":true},"fr":{"title":true,"content":false,"excerpt":true},"de":{"title":true,"content":false,"excerpt":true},"it":{"title":true,"content":false,"excerpt":true},"tr":{"title":true,"content":false,"excerpt":true},"ko":{"title":true,"content":false,"excerpt":true}}},"acf":[],"_links":{"self":[{"href":"https:\/\/www.happiyum.com\/vi\/wp-json\/wp\/v2\/product\/390","targetHints":{"allow":["GET"]}}],"collection":[{"href":"https:\/\/www.happiyum.com\/vi\/wp-json\/wp\/v2\/product"}],"about":[{"href":"https:\/\/www.happiyum.com\/vi\/wp-json\/wp\/v2\/types\/product"}],"wp:featuredmedia":[{"embeddable":true,"href":"https:\/\/www.happiyum.com\/vi\/wp-json\/wp\/v2\/media\/684"}],"wp:attachment":[{"href":"https:\/\/www.happiyum.com\/vi\/wp-json\/wp\/v2\/media?parent=390"}],"curies":[{"name":"wp","href":"https:\/\/api.w.org\/{rel}","templated":true}]}}