{"id":391,"date":"2025-06-18T19:05:37","date_gmt":"2025-06-18T19:05:37","guid":{"rendered":"https:\/\/www.happiyum.com\/?post_type=product&#038;p=391"},"modified":"2025-08-12T10:41:36","modified_gmt":"2025-08-12T10:41:36","slug":"coated-french-fries-manufacturer","status":"publish","type":"product","link":"https:\/\/www.happiyum.com\/vi\/products\/coated-french-fries-manufacturer\/","title":{"rendered":"Khoai T\u00e2y Chi\u00ean T\u1ea9m B\u1ed9t"},"content":{"rendered":"","protected":false},"excerpt":{"rendered":"<p>Khoai t\u00e2y \u0111\u01b0\u1ee3c ph\u1ee7 m\u1ed9t l\u1edbp b\u1ed9t \u0111\u1eb7c bi\u1ec7t gi\u00fap gi\u1eef \u0111\u1ed9 gi\u00f2n l\u00e2u ngay c\u1ea3 sau khi ph\u1ee5c v\u1ee5. R\u1ea5t ph\u00f9 h\u1ee3p cho c\u00e1c m\u00f4 h\u00ecnh b\u1ebfp \u0111\u00e1m m\u00e2y v\u00e0 c\u00e1c doanh nghi\u1ec7p chuy\u00ean giao h\u00e0ng v\u00ec \u0111\u1ea3m b\u1ea3o \u0111\u1ed9 gi\u00f2n trong t\u1eebng mi\u1ebfng.<\/p>\n","protected":false},"featured_media":37,"template":"","meta":[],"class_list":["post-391","product","type-product","status-publish","has-post-thumbnail","hentry"],"translation":{"provider":"WPGlobus","version":"3.0.0","language":"vi","enabled_languages":["en","ph","th","id","ms","ar","vi","ja","tw","ru","es","fr","de","it","tr","ko"],"languages":{"en":{"title":true,"content":false,"excerpt":true},"ph":{"title":true,"content":false,"excerpt":true},"th":{"title":true,"content":false,"excerpt":true},"id":{"title":true,"content":false,"excerpt":true},"ms":{"title":true,"content":false,"excerpt":true},"ar":{"title":true,"content":false,"excerpt":true},"vi":{"title":true,"content":false,"excerpt":true},"ja":{"title":true,"content":false,"excerpt":true},"tw":{"title":true,"content":false,"excerpt":true},"ru":{"title":true,"content":false,"excerpt":true},"es":{"title":true,"content":false,"excerpt":true},"fr":{"title":true,"content":false,"excerpt":true},"de":{"title":true,"content":false,"excerpt":true},"it":{"title":true,"content":false,"excerpt":true},"tr":{"title":true,"content":false,"excerpt":true},"ko":{"title":true,"content":false,"excerpt":true}}},"acf":[],"_links":{"self":[{"href":"https:\/\/www.happiyum.com\/vi\/wp-json\/wp\/v2\/product\/391","targetHints":{"allow":["GET"]}}],"collection":[{"href":"https:\/\/www.happiyum.com\/vi\/wp-json\/wp\/v2\/product"}],"about":[{"href":"https:\/\/www.happiyum.com\/vi\/wp-json\/wp\/v2\/types\/product"}],"wp:featuredmedia":[{"embeddable":true,"href":"https:\/\/www.happiyum.com\/vi\/wp-json\/wp\/v2\/media\/37"}],"wp:attachment":[{"href":"https:\/\/www.happiyum.com\/vi\/wp-json\/wp\/v2\/media?parent=391"}],"curies":[{"name":"wp","href":"https:\/\/api.w.org\/{rel}","templated":true}]}}