{"id":404,"date":"2025-06-21T16:40:56","date_gmt":"2025-06-21T16:40:56","guid":{"rendered":"https:\/\/www.happiyum.com\/?post_type=product&#038;p=404"},"modified":"2025-08-11T10:28:06","modified_gmt":"2025-08-11T10:28:06","slug":"frozen-potato-wedges-manufacturer","status":"publish","type":"product","link":"https:\/\/www.happiyum.com\/vi\/products\/frozen-potato-wedges-manufacturer\/","title":{"rendered":"Khoai t\u00e2y n\u00eam"},"content":{"rendered":"","protected":false},"excerpt":{"rendered":"<p>Khoai t\u00e2y m\u00fai cau l\u00e0 m\u00f3n khai v\u1ecb ho\u1eb7c \u0103n v\u1eb7t tuy\u1ec7t v\u1eddi, d\u1ec5 ch\u1ebf bi\u1ebfn. Gi\u00f2n, \u0111\u1eadm v\u1ecb v\u00e0 h\u01a1i cay nh\u1eb9. L\u00e0 m\u00f3n \u0103n k\u00e8m c\u1ed5 \u0111i\u1ec3n, \u0111\u01b0\u1ee3c c\u1eaft d\u1ea1ng m\u00fai cau v\u00e0 t\u1ea9m gia v\u1ecb. Th\u01b0\u1eddng \u0111\u01b0\u1ee3c n\u01b0\u1edbng nh\u01b0ng c\u0169ng c\u00f3 th\u1ec3 chi\u00ean ng\u1eadp d\u1ea7u ho\u1eb7c chi\u00ean b\u1eb1ng n\u1ed3i kh\u00f4ng d\u1ea7u.<\/p>\n","protected":false},"featured_media":37,"template":"","meta":[],"class_list":["post-404","product","type-product","status-publish","has-post-thumbnail","hentry"],"translation":{"provider":"WPGlobus","version":"3.0.0","language":"vi","enabled_languages":["en","ph","th","id","ms","ar","vi","ja","tw","ru","es","fr","de","it","tr","ko"],"languages":{"en":{"title":true,"content":false,"excerpt":true},"ph":{"title":true,"content":false,"excerpt":true},"th":{"title":true,"content":false,"excerpt":true},"id":{"title":true,"content":false,"excerpt":true},"ms":{"title":true,"content":false,"excerpt":true},"ar":{"title":true,"content":false,"excerpt":true},"vi":{"title":true,"content":false,"excerpt":true},"ja":{"title":true,"content":false,"excerpt":true},"tw":{"title":true,"content":false,"excerpt":true},"ru":{"title":true,"content":false,"excerpt":true},"es":{"title":true,"content":false,"excerpt":true},"fr":{"title":true,"content":false,"excerpt":true},"de":{"title":true,"content":false,"excerpt":true},"it":{"title":true,"content":false,"excerpt":true},"tr":{"title":true,"content":false,"excerpt":true},"ko":{"title":true,"content":false,"excerpt":true}}},"acf":[],"_links":{"self":[{"href":"https:\/\/www.happiyum.com\/vi\/wp-json\/wp\/v2\/product\/404","targetHints":{"allow":["GET"]}}],"collection":[{"href":"https:\/\/www.happiyum.com\/vi\/wp-json\/wp\/v2\/product"}],"about":[{"href":"https:\/\/www.happiyum.com\/vi\/wp-json\/wp\/v2\/types\/product"}],"wp:featuredmedia":[{"embeddable":true,"href":"https:\/\/www.happiyum.com\/vi\/wp-json\/wp\/v2\/media\/37"}],"wp:attachment":[{"href":"https:\/\/www.happiyum.com\/vi\/wp-json\/wp\/v2\/media?parent=404"}],"curies":[{"name":"wp","href":"https:\/\/api.w.org\/{rel}","templated":true}]}}