{"id":782,"date":"2025-07-17T11:55:11","date_gmt":"2025-07-17T11:55:11","guid":{"rendered":"https:\/\/www.happiyum.com\/?post_type=product&#038;p=782"},"modified":"2025-08-12T10:31:49","modified_gmt":"2025-08-12T10:31:49","slug":"frozen-straight-cut-french-fries-manufacturer","status":"publish","type":"product","link":"https:\/\/www.happiyum.com\/vi\/products\/frozen-straight-cut-french-fries-manufacturer\/","title":{"rendered":"Khoai T\u00e2y Chi\u00ean C\u1eaft Th\u1eb3ng"},"content":{"rendered":"","protected":false},"excerpt":{"rendered":"<p>C\u1ed5 \u0111i\u1ec3n, gi\u00f2n v\u00e0 \u0111\u1ec1u. Lo\u1ea1i khoai t\u00e2y n\u00e0y th\u00edch h\u1ee3p cho nh\u00e0 h\u00e0ng, qu\u00e1n c\u00e0 ph\u00ea v\u00e0 m\u00f4 h\u00ecnh ph\u1ee5c v\u1ee5 nhanh. Ch\u00fang ch\u00edn nhanh v\u00e0 \u0111\u1ed3ng \u0111\u1ec1u, \u0111\u1ea3m b\u1ea3o m\u1ed7i mi\u1ebfng \u0111\u1ec1u gi\u00f2n ngon nh\u01b0 nhau.<\/p>\n","protected":false},"featured_media":0,"template":"","meta":[],"class_list":["post-782","product","type-product","status-publish","hentry"],"translation":{"provider":"WPGlobus","version":"3.0.0","language":"vi","enabled_languages":["en","ph","th","id","ms","ar","vi","ja","tw","ru","es","fr","de","it","tr","ko"],"languages":{"en":{"title":true,"content":false,"excerpt":true},"ph":{"title":true,"content":false,"excerpt":true},"th":{"title":true,"content":false,"excerpt":true},"id":{"title":true,"content":false,"excerpt":true},"ms":{"title":true,"content":false,"excerpt":true},"ar":{"title":true,"content":false,"excerpt":true},"vi":{"title":true,"content":false,"excerpt":true},"ja":{"title":true,"content":false,"excerpt":true},"tw":{"title":true,"content":false,"excerpt":true},"ru":{"title":true,"content":false,"excerpt":true},"es":{"title":true,"content":false,"excerpt":true},"fr":{"title":true,"content":false,"excerpt":true},"de":{"title":true,"content":false,"excerpt":true},"it":{"title":true,"content":false,"excerpt":true},"tr":{"title":true,"content":false,"excerpt":true},"ko":{"title":true,"content":false,"excerpt":true}}},"acf":[],"_links":{"self":[{"href":"https:\/\/www.happiyum.com\/vi\/wp-json\/wp\/v2\/product\/782","targetHints":{"allow":["GET"]}}],"collection":[{"href":"https:\/\/www.happiyum.com\/vi\/wp-json\/wp\/v2\/product"}],"about":[{"href":"https:\/\/www.happiyum.com\/vi\/wp-json\/wp\/v2\/types\/product"}],"wp:attachment":[{"href":"https:\/\/www.happiyum.com\/vi\/wp-json\/wp\/v2\/media?parent=782"}],"curies":[{"name":"wp","href":"https:\/\/api.w.org\/{rel}","templated":true}]}}